{"id":2513,"date":"2018-07-13T08:14:34","date_gmt":"2018-07-13T08:14:34","guid":{"rendered":"https:\/\/www.maniesperte.it\/corsi\/?page_id=2513"},"modified":"2023-08-09T11:15:08","modified_gmt":"2023-08-09T11:15:08","slug":"termini-e-condizioni","status":"publish","type":"page","link":"https:\/\/www.maniesperte.it\/corsi\/termini-e-condizioni\/","title":{"rendered":"Termini e condizioni"},"content":{"rendered":"<p>Intestazione aziendale<br \/>\nPERHIBELAND SL<br \/>\nC. Viera y Clavijo, 33, 2\u00ba, 35002<br \/>\nLas Palmas de Gran Canaria<br \/>\nNIF: ESB10889863<\/p>\n<p>&#8212;&#8212;&#8212;&#8212;&#8212;&#8212;&#8212;&#8212;&#8212;&#8212;&#8212;&#8212;&#8212;&#8212;&#8212;&#8212;&#8212;&#8212;&#8212;&#8212;&#8212;&#8212;&#8212;&#8212;&#8212;&#8212;&#8212;&#8212;&#8212;&#8212;&#8212;&#8212;&#8212;&#8212;&#8212;&#8212;&#8212;&#8212;&#8211;<br \/>\nArticolo 1 \u2013 INFORMAZIONI GENERALI:<br \/>\nIl venditore, ai sensi e per gli effetti dell\u2019art. 7 del D.L.vo 9 aprile 2003, n. 70, comunica al compratore che i beni\/servizi oggetto del presente contratto sono prestati dalla societ\u00e0 individuale PERHIBELAND SL C. Viera y Clavijo, 33, 2\u00ba, 35002 Las Palmas de Gran Canaria. Ogni comunicazione o richiesta di informazioni pu\u00f2 essere inoltrata tramite e-mail scrivendo all\u2019indirizzo info@marcoaruffo.com. L\u2019Utente risulta informato, ed accetta, che l\u2019accesso al sito.<\/p>\n<p>Articolo 2 \u2013 CONCLUSIONE DEL CONTRATTO:<br \/>\nPer effettuare acquisti sul nostro sito \u00e8 necessario registrarsi ed \u00e8 indispensabile fornire tutti i dati richiesti per attivare l\u2019acquisto. L\u2019importo degli acquisti sar\u00e0 calcolato sulla somma del costo della totalit\u00e0 degli articoli che si intende acquistare, IVA inclusa, al netto dei costi di spedizione o di eventuali altri costi aggiuntivi comunicati in sede di ordine. Ciascun iscritto al sito dichiara di avere la piena facolt\u00e0 di utilizzare carte di credito o altri strumenti di pagamento utilizzabili sul sito e che i medesimi abbiano credito sufficiente a coprire tutti i costi relativi agli acquisti di prodotti attraverso il sito. Con la selezione del bottone \u201cPaga\u201d durante il processo di acquisto, il compratore dichiara di accettare pienamente e senza riserve la totalit\u00e0 delle presenti Condizioni Generali di vendita. PERHIBELAND SL confermer\u00e0 i loro ordini tramite l\u2019invio di una e-mail. I prezzi dei beni\/servizi forniti, le eventuali imposte e tasse, nonch\u00e9 i costi aggiuntivi per la spedizione e l\u2019imballaggio sono indicati in modo preciso durante la definizione dell\u2019ordine, prima della conferma dello stesso e prima del pagamento. PERHIBELAND SL si riserva il diritto di modificare i suoi prezzi in qualunque momento, ma i prodotti verranno fatturati sulla base delle tariffe in vigore nel momento della memorizzazione degli ordini (a prenotazione della disponibilit\u00e0 del prodotto). I prodotti rimangono di propriet\u00e0 del fornitore fino alla liquidazione totale dell\u2019importo dovuto. PERHIBELAND SL si riserva il diritto di rifiutare un ordine di un qualunque cliente con cui vi sia in corso una controversia.<br \/>\na. I beni vengono venduti ed acquistati in conformit\u00e0 ad un ordine del compratore inviato dal medesimo ed accettato dal venditore secondo le modalit\u00e0 di cui al successivo punto<br \/>\nb. L\u2019 ordine \u00e8 soggetto alle presenti condizioni che regolano il contratto in modo tale da escludere qualsiasi altra condizione e modalit\u00e0 secondo le quali un ordine possa essere fatto dal compratore. b. Una volta visualizzati i prodotti sar\u00e0 possibile scegliere quello d\u2019interesse selezionando il tasto \u201cDETTAGLI\u201d in questo modo verr\u00e0 mostrata una pagina riepilogativa contenente i dati relativi al prezzo del prodotto. Selezionando il tasto di aggiunta al carrello sar\u00e0 possibile prenotare il prodotto desiderato. Nella schermata successiva l\u2019utente potr\u00e0 verificare le tipologie di prodotti che desidera acquistare ed i relativi prezzi e a questo punto sar\u00e0 possibile confermare l\u2019ordine, annullarlo o modificarlo. c. Il venditore, ai sensi dell\u2019art. 13 del richiamato D.Lgs.vo n. 70 del 2003, verificata la disponibilit\u00e0 del prodotto scelto, emette accettazione dell\u2019ordine del compratore, senza ingiustificato ritardo e per e-mail contenente un riepilogo delle condizioni generali e particolari applicabili al contratto, le informazioni relative alle caratteristiche essenziali del bene o del servizio e l\u2019indicazione dettagliata del prezzo, dei mezzi di pagamento, del recesso, dei costi di consegna e dei tributi applicabili. Una volta confermato l\u2019ordine di acquisto, il compratore ha la possibilit\u00e0 di verificarne i dettagli in qualunque momento nella relativa pagina web<\/p>\n<p>Articolo 3 \u2013 PREZZI E TARIFFE:<br \/>\nI prezzi dei beni\/servizi forniti, le eventuali imposte e tasse, nonch\u00e9 i costi aggiuntivi per la spedizione e l\u2019imballaggio sono indicati in modo preciso durante la definizione dell\u2019ordine, prima della conferma dello stesso.<\/p>\n<p>Articolo 4 \u2013 PAGAMENTO<br \/>\nIl saldo degli acquisti si effettua tramite:<br \/>\nBonifico bancario su nostro conto IT\u2026\u2026.<br \/>\nPayPal;<br \/>\ncarta di credito;<br \/>\ncarta prepagata o ricaricabile;<br \/>\ncontanti in contrassegno<br \/>\nLe carte accettate sono tutte quelle appartenenti ai circuiti Visa, Visa Electron e MasterCard, incluse, quindi, la carte PostePay. I dati della carta di credito vengono inseriti direttamente sulle pagine del partner bancario di PERHIBELAND SL (Paypal ), e sono trasmessi ai server della banca in forma crittografata secondo lo standard SSL (Secure Socket Layer) a 128 bit, uno dei sistemi di protezione pi\u00f9 avanzati ed efficaci attualmente disponibili. Per maggiore sicurezza solo il partner bancario ha accesso ai dati della carta utilizzata per il pagamento, mentre PERHIBELAND SL non ha nessuna possibilit\u00e0 di conoscere n\u00e9 memorizzare tali dati. Il prezzo di acquisto verr\u00e0 addebitato al conto corrente bancario del compratore entro 4 giorni a partire dal giorno dell\u2019ordine e sar\u00e0 effettivo dopo la conferma di autorizzazione da parte del centro servizi bancari. Nel caso in cui il POS virtuale (terminale di punto vendita su Internet) comunichi il rifiuto della carta, l\u2019ordine sar\u00e0 automaticamente cancellato, informando online il compratore del suddetto annullamento. In caso di non disponibilit\u00e0 del prodotto dopo che l\u2019ordine \u00e8 gi\u00e0 stato effettuato, il compratore sar\u00e0 informato via e-mail del suo annullamento. In seguito a tale annullamento la rapidit\u00e0 dell\u2019accredito nel conto corrente bancario del compratore dipender\u00e0 dal tipo di pagamento selezionato, dal tipo di carta di credito e dalle condizioni di ciascun ente bancario.<\/p>\n<p>Articolo 5 \u2013 DESCRIZIONI DEI PRODOTTI<br \/>\nLe informazioni fornite su ciascun prodotto, cos\u00ec come le sue fotografie e i suoi filmati, sono pubblicati sui siti a titolo orientativo, cos\u00ec come tutti i nomi commerciali, i marchi o i simboli distintivi di qualunque tipo contenuti nelle pagine dei siti. Nel caso in cui si rendesse necessario, PERHIBELAND SL, si impegna a correggere al pi\u00f9 presto gli errori e le omissioni che dovessero verificarsi nelle descrizioni dei prodotti.<\/p>\n<p>Articolo 6 \u2013 DIRITTO DI RECESSO<br \/>\nA. Il compratore ha diritto di recedere dal contratto stipulato a termini delle presenti condizioni generali, senza alcuna penale e senza specificarne il motivo, entro il termine di dieci giorni lavorativi decorrenti dal giorno del ricevimento della merce da parte del compratore, ai sensi degli artt. 64 e ss. del Codice del Consumo (D. L.vo 22.07.2005 n. 206). Il diritto di recesso si esercita con la spedizione, entro il termine previsto, di una comunicazione inviata all\u2019indirizzo indicato nell\u2019art. 1 mediante lettera raccomandata con avviso di ricevimento. La comunicazione pu\u00f2 essere inviata, entro lo stesso termine, anche mediante telegramma o posta elettronica agli indirizzi indicati sempre nell\u2019art. 1. PERHIBELAND SL risponder\u00e0 per e-mail fornendo istruzioni dettagliate per la restituzione.<br \/>\nB. Qualora sia avvenuta la consegna del bene il compratore che abbia inviato il recesso \u00e8 tenuto a restituire la merce mediante spedizione della stessa in un termine non superiore a 5 giorni a decorrere dalla data del ricevimento. I costi ed i rischi legati alla restituzione dei prodotti saranno a carico del compratore, il quale dovr\u00e0 inviarli in forma sicura con le garanzie necessarie perch\u00e9 i prodotti arrivino in perfetto stato. Le uniche spese dovute dall\u2019acquirente per l\u2019esercizio del diritto di recesso a norma del presente articolo sono le spese di spedizione del bene al venditore. In caso di pagamento effettuato prima dell\u2019esercizio del diritto di recesso, il venditore \u00e8 tenuto al rimborso di quanto versato, entro trenta giorni dalla data in cui sia venuto a conoscenza dell\u2019 esercizio del recesso.<br \/>\nC. La restituzione non potr\u00e0 aver luogo in nessun caso se i prodotti forniti sono stati palesemente oggetto d\u2019uso. I prodotti devono essere restituiti con le appropriate protezioni, nei loro imballaggi originali, in perfetto stato (non danneggiati n\u00e9 sporcati), con tutti gli accessori, le istruzioni e la documentazione, con il cartellino identificativo e le etichette ancora attaccati. Non potranno essere accettate nemmeno le restituzioni di pacchetti sui quali non sia riportato nessun elemento che consenta l\u2019identificazione del mittente (n\u00b0 ordine, nome, indirizzo).<\/p>\n<p>Articolo 7 \u2013 GARANZIA DI CONFORMITA\u2019 DELLA MERCE<br \/>\n1. Il venditore risponde al compratore di qualsiasi difetto di conformit\u00e0 del bene acquistato ai sensi e per gli effetti di quanto previsto dal Codice del Consumo (Titolo III \u2013 Garanzia legale di conformit\u00e0 e garanzie commerciali per i beni di consumo, CAPO I Della vendita dei beni di consumo, agli artt. 128 e ss. del D. L.vo 22.07.2005 n. 206), purch\u00e9 esistente al momento della consegna del bene e manifestatosi entro un termine di 6 mesi dal momento del ricevimento della merce e purch\u00e9 non si tratti di difetto conosciuto dal compratore al momento della stipulazione del contratto d\u2019acquisto.<br \/>\n2. Ogni difetto deve essere comunicato al venditore entro un mese dalla sua rilevazione, inviando raccomandata a. r. all\u2019indirizzo di cui all\u2019art. 1. Far\u00e1 fede fra le parti la data del timbro postale di invio della raccomandata stessa.<\/p>\n<p>Articolo 8 \u2013 TUTELA DEI DATI PERSONALI<br \/>\nIl venditore informa il compratore, ai sensi dell\u2019art. 13 del D.L.vo 30 giugno 2003, n. 196 (T.U. Privacy) recante disposizioni a tutela delle persone e di altri soggetti rispetto al trattamento dei dati personali, che i dati personali forniti dal compratore ovvero altrimenti acquisiti nell\u2019ambito dell\u2019 attivit\u00e0 del venditore, potranno formare oggetto di trattamento, nel rispetto della citata normativa e del D.L. n. 171\/98 in materia di privacy nelle telecomunicazioni. I dati personali saranno trattati dal venditore elettronicamente nel rispetto della massima riservatezza e saranno utilizzati unicamente per l\u2019esecuzione del contratto e per la gestione dell\u2019ordine d\u2019acquisto dei prodotti.<br \/>\nLa comunicazione dei dati personali \u00e8 obbligatoria ai fini della fornitura della merce e la loro mancata comunicazione sar\u00e0 di impedimento alla conclusione ed esecuzione del contratto. Il titolare del trattamento \u00e8: PERHIBELAND SL<br \/>\nNessun trattamento di dati diverso da quello necessario alla esecuzione della fornitura potr\u00e0 essere effettuato senza il consenso espresso del compratore. Ai sensi dell\u2019art. 7 del D.L.vo 196\/03, il compratore ha diritto di ottenere l\u2019indicazione dell\u2019origine dei dati personali, delle finalit\u00e0 e modalit\u00e0 del trattamento, della logica applicata in caso di trattamento effettuato con l\u2019ausilio di strumenti elettronici. Il compratore ha, inoltre, diritto di ottenere l\u2019aggiornamento, la rettifica ovvero, quando vi ha interesse, l\u2019integrazione dei dati, la cancellazione, la trasformazione in forma anonima o il blocco dei dati trattati in violazione di legge, compresi quelli di cui non \u00e8 necessaria la conservazione in relazione agli scopi per i quali i dati sono stati raccolti o successivamente trattati, l\u2019attestazione che le operazioni di cui sopra sono state portate a conoscenza, anche per quanto riguarda il loro contenuto, di coloro ai quali i dati sono stati comunicati o diffusi, eccettuato il caso in cui tale adempimento si rivela impossibile o comporta un impiego di mezzi manifestamente sproporzionato rispetto al diritto tutelato. Infine, il compratore ha diritto di opporsi, in tutto o in parte, per motivi legittimi al trattamento dei dati personali che lo riguardano, ancorch\u00e9 pertinenti allo scopo della raccolta, al trattamento di dati personali che lo riguardano a fini di invio di materiale pubblicitario o di vendita diretta o per il compimento di ricerche di mercato o di comunicazione commerciale.<br \/>\nPer esercitare i diritti previsti dell\u2019art. 7 del D.L.vo 196\/03, il compratore potr\u00e0 rivolgere la sua richiesta scritta, a mezzo raccomandata a.r., o posta elettronica, ai titolari del trattamento, inviando la propria richiesta agli indirizzi di cui all\u2019art. 1.<\/p>\n<p>Articolo 9 \u2013 PROPRIETA\u2019 INTELLETTUALE<br \/>\nPERHIBELAND SL si riserva tutti i diritti sui testi, le opere, le illustrazioni e le immagini riprodotte nelle pagine web dei siti in conformit\u00e0 con i diritti di autore cos\u00ec come in conformit\u00e0 con la Propriet\u00e0 Intellettuale. A questo riguardo e in accordo con le disposizioni della legge sulla propriet\u00e0 intellettuale, si autorizza l\u2019utilizzo solamente per un uso privato salvo diverse disposizioni, incluso ulteriori restrizioni del codice sulla Propriet\u00e0 Intellettuale. Qualunque altro utilizzo si prefigura come falsificazione ed \u00e8 sanzionato in conformit\u00e0 con la Propriet\u00e0 Intellettuale, eccetto previa autorizzazione scritta da parte di PERHIBELAND SL<br \/>\nTutte le riproduzioni totali o parziali del catalogo sono rigorosamente vietate.<\/p>\n<p>Articolo 10 \u2013 RESPONSABILITA\u2019<br \/>\nPERHIBELAND SL non si ritiene responsabile dei danni causati, tanto materiali quanto immateriali da cattivo utilizzo dei prodotti venduti. La responsabilit\u00e0 di PERHIBELAND SL in ogni caso, sar\u00e0 limitata all\u2019importo dell\u2019ordine e non potr\u00e0 essere richiesta per semplici errori o omissioni che avranno potuto sussistere nonostante tutte le precauzioni adottate nella presentazione dei prodotti. PERHIBELAND SL non potr\u00e0 essere responsabile di fronte ad un compratore o ad un terzo, di nessun danno indiretto, perdita, utile o volume d\u2019affari occorsi in qualunque modo, sebbene essi fossero ragionevolmente prevedibili da parte di PERHIBELAND SL. Senza limitare le clausole precedenti, la responsabilit\u00e0 di PERHIBELAND SL secondo le presenti condizioni generali non pu\u00f2 eccedere una somma uguale alle somme pagate o da pagarsi per la transazione all\u2019origine di detta responsabilit\u00e0, qualunque sia la causa o la forma della azione in questione. PERHIBELAND SL non potr\u00e0 essere considerata responsabile di inadempienza del contratto in caso di avarie nelle giacenze o indisponibilit\u00e0 del prodotto, forza maggiore, perturbazione o sciopero totale o parziale, in particolare dei servizi postali e dei mezzi di trasporto e\/o di comunicazione, inondazione o incendio. In caso di controversia, il compratore si rivolger\u00e0 a PERHIBELAND SL per ottenere una soluzione amichevole. Inoltre: PERHIBELAND SL non si ritiene responsabile del cattivo uso che possa; essere effettuato con i contenuti delle sue pagine web, essendo esclusiva responsabilit\u00e0 di chi vi accede e li utilizza, tale cattivo uso include i seguenti comportamenti;<br \/>\n\u2022 Riprodurre o copiare, distribuire, permettere l\u2019accesso pubblico attraverso qualunque modalit\u00e0 di pubblicazione, trasformare o modificare i contenuti, a meno che non si possieda la autorizzazione del titolare dei relativi diritti o che l\u2019azione risulti legalmente consentita.<br \/>\n\u2022 Eliminare, eludere o manipolare il \u201ccopyright\u201d e altre informazioni significative sui diritti dei titolari incorporati nelle pagine dei siti, cos\u00ec come i dispositivi tecnici di protezione, o qualunque meccanismo di informazione che possa contenere le pagine dei siti di PERHIBELAND SL<br \/>\n\u2022 Utilizzare le pagine dei siti a disposizione degli utenti per inserire messaggi che non abbiano correlazione diretta con i contenuti della attivit\u00e0 di PERHIBELAND SL in particolare, contenuti illegali, illeciti, diffamatori o qualunque altro che possa ledere i diritti di terze parti o recare danno ai sistemi informatici. PERHIBELAND SL si riserva il diritto di ritirare qualunque messaggio che a suo giudizio consideri inappropriato. PERHIBELAND SL declina ogni responsabilit\u00e0 che derivi dallo scambio di informazioni fra Utenti attraverso i siti in oggetto.<br \/>\nLa responsabilit\u00e0 delle manifestazioni diffuse sulle sue pagine web va attribuita a chi le realizza.<\/p>\n<p>Articolo 11 \u2013 COMPOSIZIONE DELLE CONTROVERSIE<br \/>\nPer tutte le controversie civili concernenti il presente contratto o connesse allo stesso, che dovessero insorgere fra le parti, la competenza territoriale inderogabile \u00e8 del giudice del luogo di residenza o domicilio del compratore, se ubicati nel territorio dello Stato, come stabilito dall\u2019art. 63 del d.lvo n\u00b0 206 del 6 settembre 2005 \u201ccodice del consumo\u201d, in merito al foro competente.<\/p>\n<p>Articolo 12 \u2013 ACCESSO AL CONTRATTO E ALLE PRESENTI CONDIZIONI GENERALI<br \/>\nCopia delle presenti Condizioni Generali, ai sensi dell\u2019art. 12 comma n. 3 del D.L.vo 9 aprile 2003, n. 70, pu\u00f2 essere scaricata e salvata sul computer del compratore.<\/p>\n<p>Articolo 13 \u2013 MODIFICHE ALLE PRESENTI CONDIZIONI GENERALI<br \/>\nPERHIBELAND SL si riserva il diritto di modificare le presenti condizioni generali di vendita senza preavviso, potendo cambiare, eliminare o aggiungere sia i contenuti ed i servizi che sono forniti tramite il sito sia il formato in cui essi appaiono o con cui sono rappresentati nei suoi server. Questi cambiamenti saranno in vigore dal momento della loro pubblicazione sui siti e dovranno essere accettati dal compratore ciascuna volta che effettuer\u00e0 un acquisto attraverso i siti.<br \/>\nRestano a carico del destinatario tutte le eventuali tasse e spese doganali.<\/p>\n<p>Articolo 14 \u2013 ESAUSTIVITA\u2019<br \/>\nL\u2019acquisto non comporta per l\u2019acquirente altri oneri, obblighi o spese diversi da quelli stabiliti nel contratto.<\/p>\n","protected":false},"excerpt":{"rendered":"<p>Intestazione aziendale PERHIBELAND SL C. Viera y Clavijo, 33, 2\u00ba, 35002 Las Palmas de Gran Canaria NIF: ESB10889863 &#8212;&#8212;&#8212;&#8212;&#8212;&#8212;&#8212;&#8212;&#8212;&#8212;&#8212;&#8212;&#8212;&#8212;&#8212;&#8212;&#8212;&#8212;&#8212;&#8212;&#8212;&#8212;&#8212;&#8212;&#8212;&#8212;&#8212;&#8212;&#8212;&#8212;&#8212;&#8212;&#8212;&#8212;&#8212;&#8212;&#8212;&#8212;&#8211; Articolo 1 \u2013 INFORMAZIONI GENERALI: Il venditore, ai sensi e per gli effetti dell\u2019art. 7 del D.L.vo 9 aprile 2003, n. 70, comunica al compratore che i beni\/servizi oggetto del presente contratto sono prestati dalla societ\u00e0 [&hellip;]<\/p>\n","protected":false},"author":1,"featured_media":0,"parent":0,"menu_order":0,"comment_status":"closed","ping_status":"closed","template":"","meta":{"footnotes":""},"class_list":["post-2513","page","type-page","status-publish","hentry"],"aioseo_notices":[],"jetpack_sharing_enabled":true,"_links":{"self":[{"href":"https:\/\/www.maniesperte.it\/corsi\/wp-json\/wp\/v2\/pages\/2513","targetHints":{"allow":["GET"]}}],"collection":[{"href":"https:\/\/www.maniesperte.it\/corsi\/wp-json\/wp\/v2\/pages"}],"about":[{"href":"https:\/\/www.maniesperte.it\/corsi\/wp-json\/wp\/v2\/types\/page"}],"author":[{"embeddable":true,"href":"https:\/\/www.maniesperte.it\/corsi\/wp-json\/wp\/v2\/users\/1"}],"replies":[{"embeddable":true,"href":"https:\/\/www.maniesperte.it\/corsi\/wp-json\/wp\/v2\/comments?post=2513"}],"version-history":[{"count":16,"href":"https:\/\/www.maniesperte.it\/corsi\/wp-json\/wp\/v2\/pages\/2513\/revisions"}],"predecessor-version":[{"id":5279,"href":"https:\/\/www.maniesperte.it\/corsi\/wp-json\/wp\/v2\/pages\/2513\/revisions\/5279"}],"wp:attachment":[{"href":"https:\/\/www.maniesperte.it\/corsi\/wp-json\/wp\/v2\/media?parent=2513"}],"curies":[{"name":"wp","href":"https:\/\/api.w.org\/{rel}","templated":true}]}}